{"id":14,"date":"2019-03-08T15:17:24","date_gmt":"2019-03-08T15:17:24","guid":{"rendered":"http:\/\/nintec.pt\/?page_id=14"},"modified":"2023-12-07T16:06:28","modified_gmt":"2023-12-07T16:06:28","slug":"quem-somos","status":"publish","type":"page","link":"https:\/\/nintec.pt\/index.php\/quem-somos\/","title":{"rendered":"Quem Somos \/ About Us"},"content":{"rendered":"\n<p>(<em>English version below<\/em>)<\/p>\n\n\n\n<p>O <strong>NInTec \u2013 N\u00facleo de Investigadores<\/strong> \u00e9 uma associa\u00e7\u00e3o sem fins lucrativos cujos membros s\u00e3o Investigadores e outros Trabalhadores Cient\u00edficos com v\u00ednculo a entidades do universo <strong>T\u00e9cnico<\/strong> &#8211; Instituto Superior T\u00e9cnico da Universidade de Lisboa.<\/p>\n\n\n\n<p>Somos uma plataforma de comunica\u00e7\u00e3o entre os Investigadores de diferentes Departamentos, Unidades de Investiga\u00e7\u00e3o e de outras entidades participadas pelo T\u00e9cnico, pretendendo fomentar a discuss\u00e3o e a promo\u00e7\u00e3o da Investiga\u00e7\u00e3o Cient\u00edfica nas suas diferentes vertentes.<\/p>\n\n\n\n<p>A miss\u00e3o do NInTec consiste em \u201cdignificar e promover o exerc\u00edcio da investiga\u00e7\u00e3o cient\u00edfica; estimular a conviv\u00eancia intelectual e a solidariedade profissional entre investigadores das diferentes \u00e1reas cient\u00edficas; contribuir para a dissemina\u00e7\u00e3o e valoriza\u00e7\u00e3o do conhecimento cient\u00edfico na sociedade global e nas comunidades mais pr\u00f3ximas dos associados.\u201d<\/p>\n\n\n\n<h2 class=\"wp-block-heading\">About Us<\/h2>\n\n\n\n<p>\u2018NInTec\u2019 &#8211; the association (<strong>N<\/strong>ucleo) of scientific researchers (\u2018<strong>In<\/strong>vestigators\u2019) is a non-profit association of researchers and all other science workers employed by the various entities governed directly or indirectly by Instituto Superior T\u00e9cnico (\u2018<strong>T\u00e9c<\/strong>nico\u2019), part of the University of Lisbon.<\/p>\n\n\n\n<p>We provide a communication platform for researchers from all departments, research units and other T\u00e9cnico organisations, with the aim of fostering the discussion and promotion of all aspects of scientific research carried out there.<\/p>\n\n\n\n<p>NInTec\u2019s mission is to \u201cpromote scientific research and strive to enhance its status; stimulate intellectual cooperation and professional solidarity between researchers from the different scientific areas; and contribute to the dissemination and valorisation of scientific knowledge both locally and globally.\u201d<\/p>\n","protected":false},"excerpt":{"rendered":"<p>(English version below) O NInTec \u2013 N\u00facleo de Investigadores \u00e9 uma associa\u00e7\u00e3o sem fins lucrativos cujos membros s\u00e3o Investigadores e outros Trabalhadores Cient\u00edficos com v\u00ednculo a entidades do universo T\u00e9cnico &#8211; Instituto Superior T\u00e9cnico da Universidade de Lisboa. Somos uma plataforma de comunica\u00e7\u00e3o entre os Investigadores de diferentes Departamentos, Unidades de Investiga\u00e7\u00e3o e de outras &hellip; <a href=\"https:\/\/nintec.pt\/index.php\/quem-somos\/\" class=\"more-link\">Continue reading <span class=\"screen-reader-text\">Quem Somos \/ About Us<\/span><\/a><\/p>\n","protected":false},"author":1,"featured_media":0,"parent":0,"menu_order":0,"comment_status":"closed","ping_status":"closed","template":"","meta":{"jetpack_post_was_ever_published":false},"tags":[],"jetpack_sharing_enabled":true,"jetpack_shortlink":"https:\/\/wp.me\/PaMUaw-e","_links":{"self":[{"href":"https:\/\/nintec.pt\/index.php\/wp-json\/wp\/v2\/pages\/14"}],"collection":[{"href":"https:\/\/nintec.pt\/index.php\/wp-json\/wp\/v2\/pages"}],"about":[{"href":"https:\/\/nintec.pt\/index.php\/wp-json\/wp\/v2\/types\/page"}],"author":[{"embeddable":true,"href":"https:\/\/nintec.pt\/index.php\/wp-json\/wp\/v2\/users\/1"}],"replies":[{"embeddable":true,"href":"https:\/\/nintec.pt\/index.php\/wp-json\/wp\/v2\/comments?post=14"}],"version-history":[{"count":6,"href":"https:\/\/nintec.pt\/index.php\/wp-json\/wp\/v2\/pages\/14\/revisions"}],"predecessor-version":[{"id":2838,"href":"https:\/\/nintec.pt\/index.php\/wp-json\/wp\/v2\/pages\/14\/revisions\/2838"}],"wp:attachment":[{"href":"https:\/\/nintec.pt\/index.php\/wp-json\/wp\/v2\/media?parent=14"}],"wp:term":[{"taxonomy":"post_tag","embeddable":true,"href":"https:\/\/nintec.pt\/index.php\/wp-json\/wp\/v2\/tags?post=14"}],"curies":[{"name":"wp","href":"https:\/\/api.w.org\/{rel}","templated":true}]}}