{"id":263,"date":"2019-04-16T17:03:28","date_gmt":"2019-04-16T17:03:28","guid":{"rendered":"http:\/\/nintec.pt\/?page_id=263"},"modified":"2025-04-04T11:21:38","modified_gmt":"2025-04-04T11:21:38","slug":"documentos","status":"publish","type":"page","link":"https:\/\/nintec.pt\/index.php\/documentos\/","title":{"rendered":"Documentos"},"content":{"rendered":"\n<h2 class=\"wp-block-heading\">Estatutos e Regulamentos<\/h2>\n\n\n\n<div class=\"wp-block-file\"><a id=\"wp-block-file--media-dd4fd205-132d-491e-bcb8-5621d897d655\" href=\"http:\/\/nintec.pt\/wp-content\/uploads\/2021\/04\/registo_estatutos_.pdf\" target=\"_blank\" rel=\"noreferrer noopener\">Estatutos<\/a><\/div>\n\n\n\n<div class=\"wp-block-file\"><a id=\"wp-block-file--media-cbfc5aa6-4fb1-46cb-9be3-95d07331f5bc\" href=\"http:\/\/nintec.pt\/wp-content\/uploads\/2023\/03\/Regulamento_Interno_NInTec_2023.pdf\">Regulamento Interno<\/a><\/div>\n\n\n\n<h2 class=\"wp-block-heading\">Assembleias Gerais <\/h2>\n\n\n\n<div class=\"wp-block-file\"><a id=\"wp-block-file--media-579ccb6f-c6a9-4fa6-ad68-844f279a0817\" href=\"http:\/\/nintec.pt\/wp-content\/uploads\/2025\/04\/Plano-de-atividades-2025-26.pdf&quot;\">Plano de atividades 2025 &#8211; 2026<\/a><\/div>\n\n\n\n<div class=\"wp-block-file\"><a id=\"wp-block-file--media-579ccb6f-c6a9-4fa6-ad68-844f279a0817\" href=\"http:\/\/nintec.pt\/wp-content\/uploads\/2025\/02\/Relatorio_Atividades_Contas_NInTec_2024_web.pdf&quot;\">Relat\u00f3rio de Atividades e Contas 2024<\/a><\/div>\n\n\n\n<div class=\"wp-block-file\"><a id=\"wp-block-file--media-579ccb6f-c6a9-4fa6-ad68-844f279a0817\" href=\"http:\/\/nintec.pt\/wp-content\/uploads\/2023\/04\/Plano-de-atividades-2023.pdf\">Plano de atividades 2023<\/a><\/div>\n\n\n\n<div class=\"wp-block-file\"><a id=\"wp-block-file--media-a8ac5697-b993-4e0e-870b-67e5e587a8ef\" href=\"http:\/\/nintec.pt\/wp-content\/uploads\/2022\/06\/Plano-de-atividades-2022_def.pdf\">Plano de atividades 2022<\/a><\/div>\n\n\n\n<div class=\"wp-block-file\"><a id=\"wp-block-file--media-fb517a17-f963-4975-aad4-ef8e7147151d\" href=\"http:\/\/nintec.pt\/wp-content\/uploads\/2022\/07\/Relatorio_Atividades_Contas_NInTec_2021_web.pdf\">Relat\u00f3rio de Atividades e Contas 2021<\/a><\/div>\n\n\n\n<div class=\"wp-block-file\"><a id=\"wp-block-file--media-7ab9d4b1-06fa-443c-bb1a-7f0c7c5b6aa0\" href=\"http:\/\/nintec.pt\/wp-content\/uploads\/2022\/01\/Plano-de-atividades-2021.pdf\">Plano de Atividades 2021<\/a><\/div>\n\n\n\n<p><\/p>\n\n\n\n<div class=\"wp-block-file\"><a id=\"wp-block-file--media-dfbabb90-8a36-40e3-86a3-07fd130d4353\" href=\"http:\/\/nintec.pt\/wp-content\/uploads\/2021\/03\/Relatorio_Atividades_Contas_NInTec_2020.pdf\">Relat\u00f3rio de Atividades e Contas 2020<\/a><\/div>\n\n\n\n<div class=\"wp-block-file\"><a id=\"wp-block-file--media-0851c3fb-c919-433c-be4d-2cc582c249ca\" href=\"http:\/\/nintec.pt\/wp-content\/uploads\/2021\/03\/Plano-de-atividades-2020.pdf\">Plano de Atividades 2020<\/a><\/div>\n\n\n\n<div class=\"wp-block-file\"><a id=\"wp-block-file--media-dbc58cc3-00dd-405f-a4a1-4cf52e53f27a\" href=\"http:\/\/nintec.pt\/wp-content\/uploads\/2020\/02\/Relatorio_Atividades_e_ParecerCF_NInTec_2019-1.pdf\">Relat\u00f3rio de Atividades e Contas de 2019<\/a><\/div>\n\n\n\n<div class=\"wp-block-file\"><a id=\"wp-block-file--media-bda483c0-6903-4cf0-bb52-ee4cc43797ca\" href=\"http:\/\/nintec.pt\/wp-content\/uploads\/2020\/02\/NInTec_Questionario_2019.pdf\">Question\u00e1rio Caracteriza\u00e7\u00e3o dos V\u00ednculos 2019<\/a><\/div>\n\n\n\n<p><\/p>\n","protected":false},"excerpt":{"rendered":"<p>Estatutos e Regulamentos Assembleias Gerais<\/p>\n","protected":false},"author":1,"featured_media":0,"parent":0,"menu_order":0,"comment_status":"closed","ping_status":"closed","template":"","meta":{"jetpack_post_was_ever_published":false},"tags":[],"jetpack_sharing_enabled":false,"jetpack_shortlink":"https:\/\/wp.me\/PaMUaw-4f","_links":{"self":[{"href":"https:\/\/nintec.pt\/index.php\/wp-json\/wp\/v2\/pages\/263"}],"collection":[{"href":"https:\/\/nintec.pt\/index.php\/wp-json\/wp\/v2\/pages"}],"about":[{"href":"https:\/\/nintec.pt\/index.php\/wp-json\/wp\/v2\/types\/page"}],"author":[{"embeddable":true,"href":"https:\/\/nintec.pt\/index.php\/wp-json\/wp\/v2\/users\/1"}],"replies":[{"embeddable":true,"href":"https:\/\/nintec.pt\/index.php\/wp-json\/wp\/v2\/comments?post=263"}],"version-history":[{"count":25,"href":"https:\/\/nintec.pt\/index.php\/wp-json\/wp\/v2\/pages\/263\/revisions"}],"predecessor-version":[{"id":5359,"href":"https:\/\/nintec.pt\/index.php\/wp-json\/wp\/v2\/pages\/263\/revisions\/5359"}],"wp:attachment":[{"href":"https:\/\/nintec.pt\/index.php\/wp-json\/wp\/v2\/media?parent=263"}],"wp:term":[{"taxonomy":"post_tag","embeddable":true,"href":"https:\/\/nintec.pt\/index.php\/wp-json\/wp\/v2\/tags?post=263"}],"curies":[{"name":"wp","href":"https:\/\/api.w.org\/{rel}","templated":true}]}}