{"id":48,"date":"2019-03-08T16:48:52","date_gmt":"2019-03-08T16:48:52","guid":{"rendered":"http:\/\/nintec.pt\/?page_id=48"},"modified":"2023-12-09T15:39:05","modified_gmt":"2023-12-09T15:39:05","slug":"nintec","status":"publish","type":"page","link":"https:\/\/nintec.pt\/","title":{"rendered":"NInTec"},"content":{"rendered":"\n<div class=\"wp-block-group is-nowrap is-layout-flex wp-container-4\">\n<div class=\"wp-block-columns is-layout-flex wp-container-3\">\n<div class=\"wp-block-column is-layout-flow\" style=\"flex-basis:500px\">\n<p>O&nbsp;<strong>NInTec \u2013 N\u00facleo de Investigadores<\/strong> \u00e9 uma associa\u00e7\u00e3o sem fins lucrativos cujos membros s\u00e3o Investigadores e outros Trabalhadores Cient\u00edficos com v\u00ednculo a entidades do universo <strong>T\u00e9cnico<\/strong>&nbsp;\u2013 Instituto Superior T\u00e9cnico da Universidade de Lisboa.<\/p>\n\n\n\n<p>Somos uma plataforma de comunica\u00e7\u00e3o entre os Investigadores de diferentes Departamentos, Unidades de Investiga\u00e7\u00e3o e de outras entidades participadas pelo T\u00e9cnico, pretendendo fomentar a discuss\u00e3o e a promo\u00e7\u00e3o da Investiga\u00e7\u00e3o Cient\u00edfica nas suas diferentes vertentes.<\/p>\n<\/div>\n\n\n\n<div class=\"wp-block-column is-layout-flow\" style=\"flex-basis:500px\">\n<p>\u2018NInTec\u2019 \u2013 the association (<strong>N<\/strong>ucleo) of scientific researchers (\u2018<strong>In<\/strong>vestigators\u2019) is a non-profit association of researchers and all other science workers employed by the various entities governed directly or indirectly by Instituto Superior T\u00e9cnico (\u2018<strong>T\u00e9c<\/strong>nico\u2019), part of the University of Lisbon.<\/p>\n\n\n\n<p>We provide a communication platform for researchers from all departments, research units and other T\u00e9cnico organisations, with the aim of fostering the discussion and promotion of all aspects of scientific research carried out there.<\/p>\n<\/div>\n<\/div>\n<\/div>\n","protected":false},"excerpt":{"rendered":"<p>O&nbsp;NInTec \u2013 N\u00facleo de Investigadores \u00e9 uma associa\u00e7\u00e3o sem fins lucrativos cujos membros s\u00e3o Investigadores e outros Trabalhadores Cient\u00edficos com v\u00ednculo a entidades do universo T\u00e9cnico&nbsp;\u2013 Instituto Superior T\u00e9cnico da Universidade de Lisboa. Somos uma plataforma de comunica\u00e7\u00e3o entre os Investigadores de diferentes Departamentos, Unidades de Investiga\u00e7\u00e3o e de outras entidades participadas pelo T\u00e9cnico, pretendendo &hellip; <a href=\"https:\/\/nintec.pt\/\" class=\"more-link\">Continue reading <span class=\"screen-reader-text\">NInTec<\/span><\/a><\/p>\n","protected":false},"author":1,"featured_media":0,"parent":0,"menu_order":0,"comment_status":"closed","ping_status":"closed","template":"","meta":{"jetpack_post_was_ever_published":false},"tags":[],"jetpack_sharing_enabled":true,"jetpack_shortlink":"https:\/\/wp.me\/PaMUaw-M","_links":{"self":[{"href":"https:\/\/nintec.pt\/index.php\/wp-json\/wp\/v2\/pages\/48"}],"collection":[{"href":"https:\/\/nintec.pt\/index.php\/wp-json\/wp\/v2\/pages"}],"about":[{"href":"https:\/\/nintec.pt\/index.php\/wp-json\/wp\/v2\/types\/page"}],"author":[{"embeddable":true,"href":"https:\/\/nintec.pt\/index.php\/wp-json\/wp\/v2\/users\/1"}],"replies":[{"embeddable":true,"href":"https:\/\/nintec.pt\/index.php\/wp-json\/wp\/v2\/comments?post=48"}],"version-history":[{"count":7,"href":"https:\/\/nintec.pt\/index.php\/wp-json\/wp\/v2\/pages\/48\/revisions"}],"predecessor-version":[{"id":2857,"href":"https:\/\/nintec.pt\/index.php\/wp-json\/wp\/v2\/pages\/48\/revisions\/2857"}],"wp:attachment":[{"href":"https:\/\/nintec.pt\/index.php\/wp-json\/wp\/v2\/media?parent=48"}],"wp:term":[{"taxonomy":"post_tag","embeddable":true,"href":"https:\/\/nintec.pt\/index.php\/wp-json\/wp\/v2\/tags?post=48"}],"curies":[{"name":"wp","href":"https:\/\/api.w.org\/{rel}","templated":true}]}}